{"id":2388,"date":"2025-03-05T10:44:52","date_gmt":"2025-03-05T10:44:52","guid":{"rendered":"http:\/\/guardsagency.com\/?page_id=2388"},"modified":"2025-03-18T11:18:33","modified_gmt":"2025-03-18T11:18:33","slug":"mentions-legales","status":"publish","type":"page","link":"https:\/\/guardsagency.com\/en\/mentions-legales\/","title":{"rendered":"Legal notices"},"content":{"rendered":"<h2>Preamble<\/h2>\n<p>In accordance with the provisions of Articles 6-III and 19 of Law No. 2004-575 of June 21, 2004 on Confidence in the Digital Economy, known as LCEN, users and visitors, hereinafter the &quot;User&quot;, of the site are hereby informed <a href=\"https:\/\/guardsagency.com\/en\/\">https:\/\/guardsagency.com\/<\/a>, hereinafter the \u201cSite\u201d, these legal notices.<\/p>\n<p>Connection and navigation on the Site by the User implies full and unreserved acceptance of these legal notices.<\/p>\n<p>These are accessible on the Site under the \u201cLegal Notices\u201d section.<\/p>\n<h2>The publisher<\/h2>\n<p>This site, accessible at the address https:\/\/guardsagency.com is developed by SAS BimBeau, APE code 46.90Z, under Siret number 88225277800015, whose head office is located at the following address:<\/p>\n<ul>\n<li aria-level=\"1\">SAS BIMBEAU<\/li>\n<li aria-level=\"1\">19 QUAI RIVE NEUVE<\/li>\n<li aria-level=\"1\">13007 MARSEILLE<\/li>\n<\/ul>\n<p>The Publication Director is:<\/p>\n<ul>\n<li aria-level=\"1\">GUARD&#039;S<\/li>\n<li aria-level=\"1\">3 IMPASSE DES BARATTES<\/li>\n<li aria-level=\"1\">74940 ANNECY \u2013 France<\/li>\n<\/ul>\n<h2>The host<\/h2>\n<p>This site is hosted by HOSTINGER, whose registered office is located at 61 Lordou Vironos Street, 6023 Larnaca, Cyprus, which can be reached by the following means: <a href=\"https:\/\/www.hostinger.fr\/contact\">https:\/\/www.hostinger.fr\/contact<\/a>.<\/p>\n<h2>Access to the site<\/h2>\n<p>The Site is accessible anywhere, 7 days a week, 24 hours a day, except in cases of force majeure, scheduled or unscheduled interruptions and which may result from a need for maintenance.<\/p>\n<p>In the event of modification, interruption or suspension of the Site, the Publisher cannot be held responsible.<\/p>\n<h2>System requirements<\/h2>\n<p>The site has been developed for optimal operation on web standards-compliant browsers such as Chrome, Firefox, Safari, Opera and for Internet Explorer higher than 8. For any technical questions regarding the site, please send an email to the webmaster at the following address: contact@guardsagency.com.<\/p>","protected":false},"excerpt":{"rendered":"<p>Pr\u00e9ambule Conform\u00e9ment aux dispositions des Articles 6-III et 19 de la Loi n\u00b02004-575 du 21 juin 2004 pour la Confiance dans l\u2019\u00e9conomie num\u00e9rique, dite L.C.E.N., il est port\u00e9 \u00e0 la connaissance des utilisateurs et visiteurs, ci-apr\u00e8s l&rsquo;\u00abUtilisateur\u00bb, du site https:\/\/guardsagency.com\/, ci-apr\u00e8s le \u00abSite\u00bb, les pr\u00e9sentes mentions l\u00e9gales. La connexion et la navigation sur le Site [&hellip;]<\/p>\n","protected":false},"author":3,"featured_media":0,"parent":0,"menu_order":0,"comment_status":"closed","ping_status":"closed","template":"","meta":{"_acf_changed":false,"_sitemap_exclude":false,"_sitemap_priority":"","_sitemap_frequency":"","footnotes":""},"class_list":["post-2388","page","type-page","status-publish","hentry"],"acf":[],"_links":{"self":[{"href":"https:\/\/guardsagency.com\/en\/wp-json\/wp\/v2\/pages\/2388","targetHints":{"allow":["GET"]}}],"collection":[{"href":"https:\/\/guardsagency.com\/en\/wp-json\/wp\/v2\/pages"}],"about":[{"href":"https:\/\/guardsagency.com\/en\/wp-json\/wp\/v2\/types\/page"}],"author":[{"embeddable":true,"href":"https:\/\/guardsagency.com\/en\/wp-json\/wp\/v2\/users\/3"}],"replies":[{"embeddable":true,"href":"https:\/\/guardsagency.com\/en\/wp-json\/wp\/v2\/comments?post=2388"}],"version-history":[{"count":3,"href":"https:\/\/guardsagency.com\/en\/wp-json\/wp\/v2\/pages\/2388\/revisions"}],"predecessor-version":[{"id":4270,"href":"https:\/\/guardsagency.com\/en\/wp-json\/wp\/v2\/pages\/2388\/revisions\/4270"}],"wp:attachment":[{"href":"https:\/\/guardsagency.com\/en\/wp-json\/wp\/v2\/media?parent=2388"}],"curies":[{"name":"wp","href":"https:\/\/api.w.org\/{rel}","templated":true}]}}