{"id":1613,"date":"2025-02-26T13:32:39","date_gmt":"2025-02-26T13:32:39","guid":{"rendered":"http:\/\/guardsagency.com\/?page_id=1613"},"modified":"2025-05-12T03:58:08","modified_gmt":"2025-05-12T03:58:08","slug":"estimer","status":"publish","type":"page","link":"https:\/\/guardsagency.com\/en\/estimer\/","title":{"rendered":"Estimate"},"content":{"rendered":"\t\t<div data-elementor-type=\"wp-page\" data-elementor-id=\"1613\" class=\"elementor elementor-1613\" data-elementor-post-type=\"page\">\n\t\t\t\t<div class=\"elementor-element elementor-element-be23a60 e-con-full e-flex e-con e-parent\" data-id=\"be23a60\" data-element_type=\"container\" data-e-type=\"container\" data-settings=\"{&quot;background_background&quot;:&quot;classic&quot;}\">\n\t\t<div class=\"elementor-element elementor-element-199a535 e-flex e-con-boxed e-con e-child\" data-id=\"199a535\" data-element_type=\"container\" data-e-type=\"container\">\n\t\t\t\t\t<div class=\"e-con-inner\">\n\t\t\t\t<div class=\"elementor-element elementor-element-e41f076 elementor-widget elementor-widget-heading\" data-id=\"e41f076\" data-element_type=\"widget\" data-e-type=\"widget\" data-widget_type=\"heading.default\">\n\t\t\t\t<div class=\"elementor-widget-container\">\n\t\t\t\t\t<h3 class=\"elementor-heading-title elementor-size-default\">Estimer mon bien<\/h3>\t\t\t\t<\/div>\n\t\t\t\t<\/div>\n\t\t\t\t<div class=\"elementor-element elementor-element-f5c881b elementor-widget__width-initial elementor-widget elementor-widget-heading\" data-id=\"f5c881b\" data-element_type=\"widget\" data-e-type=\"widget\" data-widget_type=\"heading.default\">\n\t\t\t\t<div class=\"elementor-widget-container\">\n\t\t\t\t\t<div class=\"elementor-heading-title elementor-size-default\">Obtenez une estimation juste et d\u00e9taill\u00e9e de votre bien, bas\u00e9e sur une analyse fine du march\u00e9 et sur nos algorithmes intelligents.<\/div>\t\t\t\t<\/div>\n\t\t\t\t<\/div>\n\t\t\t\t<div class=\"elementor-element elementor-element-b72f1bc elementor-widget__width-initial elementor-widget elementor-widget-spacer\" data-id=\"b72f1bc\" data-element_type=\"widget\" data-e-type=\"widget\" data-widget_type=\"spacer.default\">\n\t\t\t\t<div class=\"elementor-widget-container\">\n\t\t\t\t\t\t\t<div class=\"elementor-spacer\">\n\t\t\t<div class=\"elementor-spacer-inner\"><\/div>\n\t\t<\/div>\n\t\t\t\t\t\t<\/div>\n\t\t\t\t<\/div>\n\t\t<div class=\"elementor-element elementor-element-adac883 e-con-full e-flex e-con e-child\" data-id=\"adac883\" data-element_type=\"container\" data-e-type=\"container\" data-settings=\"{&quot;background_background&quot;:&quot;classic&quot;}\">\n\t\t\t\t<div class=\"elementor-element elementor-element-0967624 elementor-absolute elementor-widget elementor-widget-html\" data-id=\"0967624\" data-element_type=\"widget\" data-e-type=\"widget\" data-settings=\"{&quot;_position&quot;:&quot;absolute&quot;}\" data-widget_type=\"html.default\">\n\t\t\t\t<div class=\"elementor-widget-container\">\n\t\t\t\t\t<script>\r\n\/**\r\n * Initialize the Google Places Autocomplete on the address input.\r\n *\/\r\nfunction initAutocomplete() {\r\n    \/\/ S\u00e9lection de l'input par son ID\r\n    var addressInput = document.getElementById('form-field-adresse');\r\n    \r\n    \/\/ Cr\u00e9ation de l'instance Autocomplete limit\u00e9e aux adresses et restreinte \u00e0 la France\r\n    var autocomplete = new google.maps.places.Autocomplete(addressInput, {\r\n        types: ['address'], \/\/ Limite aux r\u00e9sultats d'adresse\r\n        componentRestrictions: { country: 'fr' } \/\/ Restriction aux adresses en France\r\n    });\r\n\r\n    \/\/ Listener pour r\u00e9cup\u00e9rer les d\u00e9tails de l'adresse s\u00e9lectionn\u00e9e\r\n    autocomplete.addListener('place_changed', function() {\r\n        \/\/ R\u00e9cup\u00e9ration de l'objet \"place\" contenant les d\u00e9tails de l'adresse\r\n        var place = autocomplete.getPlace();\r\n        console.log(place); \/\/ Exploitez ces donn\u00e9es selon vos besoins\r\n    });\r\n}\r\n\r\n\/\/ Initialiser l'autocomplete lorsque la page est charg\u00e9e\r\ngoogle.maps.event.addDomListener(window, 'load', initAutocomplete);\r\n<\/script>\r\n\t\t\t\t<\/div>\n\t\t\t\t<\/div>\n\t\t\t\t<div class=\"elementor-element elementor-element-9170e57 elementor-button-align-center form-estimation guards_form elementor-widget elementor-widget-form\" data-id=\"9170e57\" data-element_type=\"widget\" data-e-type=\"widget\" data-settings=\"{&quot;step_next_label&quot;:&quot;Suivant&quot;,&quot;step_previous_label&quot;:&quot;Pr\\u00e9c\\u00e9dent&quot;,&quot;button_width&quot;:&quot;100&quot;,&quot;step_type&quot;:&quot;number_text&quot;,&quot;step_icon_shape&quot;:&quot;circle&quot;}\" data-widget_type=\"form.default\">\n\t\t\t\t<div class=\"elementor-widget-container\">\n\t\t\t\t\t\t\t<form class=\"elementor-form\" method=\"post\" id=\"estimation_bien\" name=\"Estimer mon bien\" aria-label=\"Estimer mon bien\">\n\t\t\t<input type=\"hidden\" name=\"post_id\" value=\"1613\"\/>\n\t\t\t<input type=\"hidden\" name=\"form_id\" value=\"9170e57\"\/>\n\t\t\t<input type=\"hidden\" name=\"referer_title\" value=\"Estimer\" \/>\n\n\t\t\t\t\t\t\t<input type=\"hidden\" name=\"queried_id\" value=\"1613\"\/>\n\t\t\t\n\t\t\t<div class=\"elementor-form-fields-wrapper elementor-labels-\">\n\t\t\t\t\t\t\t\t<div class=\"elementor-field-type-html elementor-field-group elementor-column elementor-field-group-field_2c266cf elementor-col-100\">\n\t\t\t\t\t<span class=\"form-title\">\u00c0 propos de votre bien*<\/span>\t\t\t\t<\/div>\n\t\t\t\t\t\t\t\t<div class=\"elementor-field-type-radio elementor-field-group elementor-column elementor-field-group-bien elementor-col-100 elementor-field-required\">\n\t\t\t\t\t\t\t\t\t\t\t\t<label for=\"form-field-bien\" class=\"elementor-field-label elementor-screen-only\">\n\t\t\t\t\t\t\t\tVotre bien\t\t\t\t\t\t\t<\/label>\n\t\t\t\t\t\t<div class=\"elementor-field-subgroup  elementor-subgroup-inline\"><span class=\"elementor-field-option\"><input type=\"radio\" value=\"Maison \" id=\"form-field-bien-0\" name=\"form_fields[bien]\" required=\"required\"> <label for=\"form-field-bien-0\">Maison <\/label><\/span><span class=\"elementor-field-option\"><input type=\"radio\" value=\"Appartement\" id=\"form-field-bien-1\" name=\"form_fields[bien]\" required=\"required\"> <label for=\"form-field-bien-1\">Appartement<\/label><\/span><span class=\"elementor-field-option\"><input type=\"radio\" value=\"Chalet\" id=\"form-field-bien-2\" name=\"form_fields[bien]\" required=\"required\"> <label for=\"form-field-bien-2\">Chalet<\/label><\/span><span class=\"elementor-field-option\"><input type=\"radio\" value=\"Penthouse\" id=\"form-field-bien-3\" name=\"form_fields[bien]\" required=\"required\"> <label for=\"form-field-bien-3\">Penthouse<\/label><\/span><\/div>\t\t\t\t<\/div>\n\t\t\t\t\t\t\t\t<div class=\"elementor-field-type-text elementor-field-group elementor-column elementor-field-group-adresse elementor-col-100 elementor-field-required\">\n\t\t\t\t\t\t\t\t\t\t\t\t<label for=\"form-field-adresse\" class=\"elementor-field-label elementor-screen-only\">\n\t\t\t\t\t\t\t\tAdresse\t\t\t\t\t\t\t<\/label>\n\t\t\t\t\t\t\t\t\t\t\t\t\t\t<input size=\"1\" type=\"text\" name=\"form_fields[adresse]\" id=\"form-field-adresse\" class=\"elementor-field elementor-size-sm  elementor-field-textual\" placeholder=\"Adresse*\" required=\"required\">\n\t\t\t\t\t\t\t\t\t\t\t<\/div>\n\t\t\t\t\t\t\t\t<div class=\"elementor-field-type-number elementor-field-group elementor-column elementor-field-group-surface elementor-col-50 elementor-field-required\">\n\t\t\t\t\t\t\t\t\t\t\t\t<label for=\"form-field-surface\" class=\"elementor-field-label elementor-screen-only\">\n\t\t\t\t\t\t\t\tSurface\t\t\t\t\t\t\t<\/label>\n\t\t\t\t\t\t\t\t\t<input type=\"number\" name=\"form_fields[surface]\" id=\"form-field-surface\" class=\"elementor-field elementor-size-sm  elementor-field-textual\" placeholder=\"Surface m\u00b2*\" required=\"required\" min=\"0\" max=\"\" >\n\t\t\t\t\t\t<\/div>\n\t\t\t\t\t\t\t\t<div class=\"elementor-field-type-number elementor-field-group elementor-column elementor-field-group-chambres elementor-col-50 elementor-field-required\">\n\t\t\t\t\t\t\t\t\t\t\t\t<label for=\"form-field-chambres\" class=\"elementor-field-label elementor-screen-only\">\n\t\t\t\t\t\t\t\tNb de chambres\t\t\t\t\t\t\t<\/label>\n\t\t\t\t\t\t\t\t\t<input type=\"number\" name=\"form_fields[chambres]\" id=\"form-field-chambres\" class=\"elementor-field elementor-size-sm  elementor-field-textual\" placeholder=\"Nb de chambres*\" required=\"required\" min=\"\" max=\"\" >\n\t\t\t\t\t\t<\/div>\n\t\t\t\t\t\t\t\t<div class=\"elementor-field-type-html elementor-field-group elementor-column elementor-field-group-field_da8b1b9 elementor-col-100\">\n\t\t\t\t\t<span class=\"form-title\">Vos informations<\/span>\t\t\t\t<\/div>\n\t\t\t\t\t\t\t\t<div class=\"elementor-field-type-text elementor-field-group elementor-column elementor-field-group-prenom elementor-col-50\">\n\t\t\t\t\t\t\t\t\t\t\t\t<label for=\"form-field-prenom\" class=\"elementor-field-label elementor-screen-only\">\n\t\t\t\t\t\t\t\tVotre pr\u00e9nom\t\t\t\t\t\t\t<\/label>\n\t\t\t\t\t\t\t\t\t\t\t\t\t\t<input size=\"1\" type=\"text\" name=\"form_fields[prenom]\" id=\"form-field-prenom\" class=\"elementor-field elementor-size-sm  elementor-field-textual\" placeholder=\"Votre pr\u00e9nom*\">\n\t\t\t\t\t\t\t\t\t\t\t<\/div>\n\t\t\t\t\t\t\t\t<div class=\"elementor-field-type-text elementor-field-group elementor-column elementor-field-group-nom elementor-col-50 elementor-field-required\">\n\t\t\t\t\t\t\t\t\t\t\t\t<label for=\"form-field-nom\" class=\"elementor-field-label elementor-screen-only\">\n\t\t\t\t\t\t\t\tVotre nom\t\t\t\t\t\t\t<\/label>\n\t\t\t\t\t\t\t\t\t\t\t\t\t\t<input size=\"1\" type=\"text\" name=\"form_fields[nom]\" id=\"form-field-nom\" class=\"elementor-field elementor-size-sm  elementor-field-textual\" placeholder=\"Votre nom*\" required=\"required\">\n\t\t\t\t\t\t\t\t\t\t\t<\/div>\n\t\t\t\t\t\t\t\t<div class=\"elementor-field-type-email elementor-field-group elementor-column elementor-field-group-email elementor-col-50 elementor-field-required\">\n\t\t\t\t\t\t\t\t\t\t\t\t<label for=\"form-field-email\" class=\"elementor-field-label elementor-screen-only\">\n\t\t\t\t\t\t\t\tVotre email\t\t\t\t\t\t\t<\/label>\n\t\t\t\t\t\t\t\t\t\t\t\t\t\t<input size=\"1\" type=\"email\" name=\"form_fields[email]\" id=\"form-field-email\" class=\"elementor-field elementor-size-sm  elementor-field-textual\" placeholder=\"Votre email*\" required=\"required\">\n\t\t\t\t\t\t\t\t\t\t\t<\/div>\n\t\t\t\t\t\t\t\t<div class=\"elementor-field-type-tel elementor-field-group elementor-column elementor-field-group-telephone elementor-col-50\">\n\t\t\t\t\t\t\t\t\t\t\t\t<label for=\"form-field-telephone\" class=\"elementor-field-label elementor-screen-only\">\n\t\t\t\t\t\t\t\tVotre t\u00e9l\u00e9phone\t\t\t\t\t\t\t<\/label>\n\t\t\t\t\t\t\t\t<input size=\"1\" type=\"tel\" name=\"form_fields[telephone]\" id=\"form-field-telephone\" class=\"elementor-field elementor-size-sm  elementor-field-textual\" placeholder=\"Votre t\u00e9l\u00e9phone\" pattern=\"[0-9()#&amp;+*-=.]+\" title=\"Only numbers and phone characters (#, -, *, etc) are accepted.\">\n\n\t\t\t\t\t\t<\/div>\n\t\t\t\t\t\t\t\t<div class=\"elementor-field-type-html elementor-field-group elementor-column elementor-field-group-field_27a11ab elementor-col-100\">\n\t\t\t\t\t<span class=\"form-title\">Votre message<\/span>\t\t\t\t<\/div>\n\t\t\t\t\t\t\t\t<div class=\"elementor-field-type-textarea elementor-field-group elementor-column elementor-field-group-besoin elementor-col-100\">\n\t\t\t\t\t\t\t\t\t\t\t\t<label for=\"form-field-besoin\" class=\"elementor-field-label elementor-screen-only\">\n\t\t\t\t\t\t\t\tBesoin\t\t\t\t\t\t\t<\/label>\n\t\t\t\t\t\t<textarea class=\"elementor-field-textual elementor-field  elementor-size-sm\" name=\"form_fields[besoin]\" id=\"form-field-besoin\" rows=\"6\" placeholder=\"Si vous souhaitez apporter un compl\u00e9ment d&#039;informations\"><\/textarea>\t\t\t\t<\/div>\n\t\t\t\t\t\t\t\t<div class=\"elementor-field-type-acceptance elementor-field-group elementor-column elementor-field-group-rgpd elementor-col-100 elementor-field-required\">\n\t\t\t\t\t\t\t\t\t\t\t\t<label for=\"form-field-rgpd\" class=\"elementor-field-label elementor-screen-only\">\n\t\t\t\t\t\t\t\tRGPD\t\t\t\t\t\t\t<\/label>\n\t\t\t\t\t\t\t\t<div class=\"elementor-field-subgroup\">\n\t\t\t<span class=\"elementor-field-option\">\n\t\t\t\t<input type=\"checkbox\" name=\"form_fields[rgpd]\" id=\"form-field-rgpd\" class=\"elementor-field elementor-size-sm  elementor-acceptance-field\" required=\"required\">\n\t\t\t\t<label for=\"form-field-rgpd\">En cochant cette case, j'atteste avoir pris connaissance de la <a href=\"\/politique-de-confidentialite\/\" target=\"_blank\">politique de confidentialit\u00e9<\/a> de Guards\u00ae<\/label>\t\t\t<\/span>\n\t\t<\/div>\n\t\t\t\t\t\t<\/div>\n\t\t\t\t\t\t\t\t<div class=\"elementor-field-type-recaptcha_v3 elementor-field-group elementor-column elementor-field-group-captcha elementor-col-100 recaptcha_v3-bottomright\">\n\t\t\t\t\t<div class=\"elementor-field\" id=\"form-field-captcha\"><div class=\"elementor-g-recaptcha\" data-sitekey=\"6LdIsOsqAAAAAISd8xmpOZMwK_XNlPwBXHSE-u7w\" data-type=\"v3\" data-action=\"Form\" data-badge=\"bottomright\" data-size=\"invisible\"><\/div><\/div>\t\t\t\t<\/div>\n\t\t\t\t\t\t\t\t<div class=\"elementor-field-group elementor-column elementor-field-type-submit elementor-col-100 e-form__buttons\">\n\t\t\t\t\t<button class=\"elementor-button elementor-size-sm\" type=\"submit\">\n\t\t\t\t\t\t<span class=\"elementor-button-content-wrapper\">\n\t\t\t\t\t\t\t\t\t\t\t\t\t\t\t\t\t\t\t\t\t\t<span class=\"elementor-button-text\">Envoyer<\/span>\n\t\t\t\t\t\t\t\t\t\t\t\t\t<\/span>\n\t\t\t\t\t<\/button>\n\t\t\t\t<\/div>\n\t\t\t<\/div>\n\t\t<\/form>\n\t\t\t\t\t\t<\/div>\n\t\t\t\t<\/div>\n\t\t\t\t<\/div>\n\t\t\t\t\t<\/div>\n\t\t\t\t<\/div>\n\t\t\t\t<\/div>\n\t\t\t\t<\/div>\n\t\t","protected":false},"excerpt":{"rendered":"<p>Estimate my property Get a fair and detailed estimate of your property, based on a detailed market analysis and our intelligent algorithms.<\/p>","protected":false},"author":1,"featured_media":0,"parent":0,"menu_order":0,"comment_status":"closed","ping_status":"closed","template":"","meta":{"_acf_changed":false,"_sitemap_exclude":false,"_sitemap_priority":"","_sitemap_frequency":"","footnotes":""},"class_list":["post-1613","page","type-page","status-publish","hentry"],"acf":[],"_links":{"self":[{"href":"https:\/\/guardsagency.com\/en\/wp-json\/wp\/v2\/pages\/1613","targetHints":{"allow":["GET"]}}],"collection":[{"href":"https:\/\/guardsagency.com\/en\/wp-json\/wp\/v2\/pages"}],"about":[{"href":"https:\/\/guardsagency.com\/en\/wp-json\/wp\/v2\/types\/page"}],"author":[{"embeddable":true,"href":"https:\/\/guardsagency.com\/en\/wp-json\/wp\/v2\/users\/1"}],"replies":[{"embeddable":true,"href":"https:\/\/guardsagency.com\/en\/wp-json\/wp\/v2\/comments?post=1613"}],"version-history":[{"count":122,"href":"https:\/\/guardsagency.com\/en\/wp-json\/wp\/v2\/pages\/1613\/revisions"}],"predecessor-version":[{"id":4311,"href":"https:\/\/guardsagency.com\/en\/wp-json\/wp\/v2\/pages\/1613\/revisions\/4311"}],"wp:attachment":[{"href":"https:\/\/guardsagency.com\/en\/wp-json\/wp\/v2\/media?parent=1613"}],"curies":[{"name":"wp","href":"https:\/\/api.w.org\/{rel}","templated":true}]}}